{"id":4504,"date":"2025-03-24T09:25:55","date_gmt":"2025-03-24T09:25:55","guid":{"rendered":"https:\/\/rosamolinapsiquiatra.com\/?post_type=product&#038;p=4504"},"modified":"2025-07-16T11:56:50","modified_gmt":"2025-07-16T11:56:50","slug":"tu-cuadernillo-de-herramientas-para-trabajar-la-inteligencia-emocional-y-social-2","status":"publish","type":"product","link":"https:\/\/rosamolinapsiquiatra.com\/en\/product\/tu-cuadernillo-de-herramientas-para-trabajar-la-inteligencia-emocional-y-social-2","title":{"rendered":"YOUR BOOKLET OF TOOLS TO WORK ON EMOTIONAL AND SOCIAL INTELLIGENCE"},"content":{"rendered":"<p>\u00bfQuieres preparar a tus hijos para afrontar con \u00e9xito los retos del futuro?<br \/>\nEste libro biling\u00fce (espa\u00f1ol\u2013ingl\u00e9s) es la herramienta perfecta para fortalecer sus habilidades emocionales y sociales. A trav\u00e9s de actividades pr\u00e1cticas y divertidas, dise\u00f1adas para disfrutar en familia, tus hijos aprender\u00e1n a:<\/p>\n<ul class=\"a-unordered-list a-vertical\">\n<li>Reconocer y gestionar sus emociones<\/li>\n<li>Comunicar de forma asertiva<\/li>\n<li>Desarrollar empat\u00eda y colaboraci\u00f3n<\/li>\n<li>Afrontar retos con resiliencia<\/li>\n<\/ul>\n<p>Su pr\u00e1ctico formato permite utilizarlo en casa, en el aula o durante los viajes, convirti\u00e9ndolo en un compa\u00f1ero ideal para el crecimiento personal. \u00a1Educar en emociones, nunca hab\u00eda sido tan divertido y efectivo!<\/p>","protected":false},"excerpt":{"rendered":"<p>\u00bfQuieres preparar a tus hijos para afrontar con \u00e9xito los retos del futuro?<br \/>\nEste libro biling\u00fce (espa\u00f1ol\u2013ingl\u00e9s) es la herramienta perfecta para fortalecer sus habilidades emocionales y sociales. A trav\u00e9s de actividades pr\u00e1cticas y divertidas, dise\u00f1adas para disfrutar en familia, tus hijos aprender\u00e1n a:<\/p>\n<ul class=\"a-unordered-list a-vertical\">\n<li>Reconocer y gestionar sus emociones<\/li>\n<li>Comunicar de forma asertiva<\/li>\n<li>Desarrollar empat\u00eda y colaboraci\u00f3n<\/li>\n<li>Afrontar retos con resiliencia<\/li>\n<\/ul>\n<p>Su pr\u00e1ctico formato permite utilizarlo en casa, en el aula o durante los viajes, convirti\u00e9ndolo en un compa\u00f1ero ideal para el crecimiento personal. \u00a1Educar en emociones, nunca hab\u00eda sido tan divertido y efectivo!<\/p>","protected":false},"featured_media":4660,"template":"","meta":{"_acf_changed":false},"product_brand":[],"product_cat":[25],"product_tag":[],"class_list":{"0":"post-4504","1":"product","2":"type-product","3":"status-publish","4":"has-post-thumbnail","6":"product_cat-cuadernillos","8":"first","9":"instock","10":"taxable","11":"shipping-taxable","12":"purchasable","13":"product-type-simple"},"acf":[],"yoast_head":"<!-- This site is optimized with the Yoast SEO plugin v27.5 - https:\/\/yoast.com\/product\/yoast-seo-wordpress\/ -->\n<title>TU CUADERNILLO DE HERRAMIENTAS PARA TRABAJAR LA INTELIGENCIA EMOCIONAL Y SOCIAL - Rosa Molina Psiquiatra<\/title>\n<meta name=\"robots\" content=\"index, follow, max-snippet:-1, max-image-preview:large, max-video-preview:-1\" \/>\n<link rel=\"canonical\" href=\"https:\/\/rosamolinapsiquiatra.com\/en\/product\/tu-cuadernillo-de-herramientas-para-trabajar-la-inteligencia-emocional-y-social-2\/\" \/>\n<meta property=\"og:locale\" content=\"en_GB\" \/>\n<meta property=\"og:type\" content=\"article\" \/>\n<meta property=\"og:title\" content=\"TU CUADERNILLO DE HERRAMIENTAS PARA TRABAJAR LA INTELIGENCIA EMOCIONAL Y SOCIAL - Rosa Molina Psiquiatra\" \/>\n<meta property=\"og:description\" content=\"\u00bfQuieres preparar a tus hijos para afrontar con \u00e9xito los retos del futuro? Este libro biling\u00fce (espa\u00f1ol\u2013ingl\u00e9s) es la herramienta perfecta para fortalecer sus habilidades emocionales y sociales. A trav\u00e9s de actividades pr\u00e1cticas y divertidas, dise\u00f1adas para disfrutar en familia, tus hijos aprender\u00e1n a:   Reconocer y gestionar sus emociones  Comunicar de forma asertiva  Desarrollar empat\u00eda y colaboraci\u00f3n  Afrontar retos con resiliencia  Su pr\u00e1ctico formato permite utilizarlo en casa, en el aula o durante los viajes, convirti\u00e9ndolo en un compa\u00f1ero ideal para el crecimiento personal. \u00a1Educar en emociones, nunca hab\u00eda sido tan divertido y efectivo!\" \/>\n<meta property=\"og:url\" content=\"https:\/\/rosamolinapsiquiatra.com\/en\/product\/tu-cuadernillo-de-herramientas-para-trabajar-la-inteligencia-emocional-y-social-2\/\" \/>\n<meta property=\"og:site_name\" content=\"Rosa Molina Psiquiatra\" \/>\n<meta property=\"article:modified_time\" content=\"2025-07-16T11:56:50+00:00\" \/>\n<meta property=\"og:image\" content=\"https:\/\/rosamolinapsiquiatra.com\/wp-content\/uploads\/2025\/03\/Screenshot-2025-07-03-at-19.53.50.png\" \/>\n\t<meta property=\"og:image:width\" content=\"488\" \/>\n\t<meta property=\"og:image:height\" content=\"736\" \/>\n\t<meta property=\"og:image:type\" content=\"image\/png\" \/>\n<meta name=\"twitter:card\" content=\"summary_large_image\" \/>\n<meta name=\"twitter:label1\" content=\"Estimated reading time\" \/>\n\t<meta name=\"twitter:data1\" content=\"1 minute\" \/>\n<script type=\"application\/ld+json\" class=\"yoast-schema-graph\">{\"@context\":\"https:\\\/\\\/schema.org\",\"@graph\":[{\"@type\":\"WebPage\",\"@id\":\"https:\\\/\\\/rosamolinapsiquiatra.com\\\/producto\\\/tu-cuadernillo-de-herramientas-para-trabajar-la-inteligencia-emocional-y-social-2\",\"url\":\"https:\\\/\\\/rosamolinapsiquiatra.com\\\/producto\\\/tu-cuadernillo-de-herramientas-para-trabajar-la-inteligencia-emocional-y-social-2\",\"name\":\"TU CUADERNILLO DE HERRAMIENTAS PARA TRABAJAR LA INTELIGENCIA EMOCIONAL Y SOCIAL - Rosa Molina Psiquiatra\",\"isPartOf\":{\"@id\":\"https:\\\/\\\/rosamolinapsiquiatra.com\\\/#website\"},\"primaryImageOfPage\":{\"@id\":\"https:\\\/\\\/rosamolinapsiquiatra.com\\\/producto\\\/tu-cuadernillo-de-herramientas-para-trabajar-la-inteligencia-emocional-y-social-2#primaryimage\"},\"image\":{\"@id\":\"https:\\\/\\\/rosamolinapsiquiatra.com\\\/producto\\\/tu-cuadernillo-de-herramientas-para-trabajar-la-inteligencia-emocional-y-social-2#primaryimage\"},\"thumbnailUrl\":\"https:\\\/\\\/rosamolinapsiquiatra.com\\\/wp-content\\\/uploads\\\/2025\\\/03\\\/Screenshot-2025-07-03-at-19.53.50.png\",\"datePublished\":\"2025-03-24T09:25:55+00:00\",\"dateModified\":\"2025-07-16T11:56:50+00:00\",\"breadcrumb\":{\"@id\":\"https:\\\/\\\/rosamolinapsiquiatra.com\\\/producto\\\/tu-cuadernillo-de-herramientas-para-trabajar-la-inteligencia-emocional-y-social-2#breadcrumb\"},\"inLanguage\":\"en-GB\",\"potentialAction\":[{\"@type\":\"ReadAction\",\"target\":[\"https:\\\/\\\/rosamolinapsiquiatra.com\\\/producto\\\/tu-cuadernillo-de-herramientas-para-trabajar-la-inteligencia-emocional-y-social-2\"]}]},{\"@type\":\"ImageObject\",\"inLanguage\":\"en-GB\",\"@id\":\"https:\\\/\\\/rosamolinapsiquiatra.com\\\/producto\\\/tu-cuadernillo-de-herramientas-para-trabajar-la-inteligencia-emocional-y-social-2#primaryimage\",\"url\":\"https:\\\/\\\/rosamolinapsiquiatra.com\\\/wp-content\\\/uploads\\\/2025\\\/03\\\/Screenshot-2025-07-03-at-19.53.50.png\",\"contentUrl\":\"https:\\\/\\\/rosamolinapsiquiatra.com\\\/wp-content\\\/uploads\\\/2025\\\/03\\\/Screenshot-2025-07-03-at-19.53.50.png\",\"width\":488,\"height\":736},{\"@type\":\"BreadcrumbList\",\"@id\":\"https:\\\/\\\/rosamolinapsiquiatra.com\\\/producto\\\/tu-cuadernillo-de-herramientas-para-trabajar-la-inteligencia-emocional-y-social-2#breadcrumb\",\"itemListElement\":[{\"@type\":\"ListItem\",\"position\":1,\"name\":\"Portada\",\"item\":\"https:\\\/\\\/rosamolinapsiquiatra.com\\\/\"},{\"@type\":\"ListItem\",\"position\":2,\"name\":\"Tienda\",\"item\":\"https:\\\/\\\/rosamolinapsiquiatra.com\\\/tienda\"},{\"@type\":\"ListItem\",\"position\":3,\"name\":\"TU CUADERNILLO DE HERRAMIENTAS PARA TRABAJAR LA INTELIGENCIA EMOCIONAL Y SOCIAL\"}]},{\"@type\":\"WebSite\",\"@id\":\"https:\\\/\\\/rosamolinapsiquiatra.com\\\/#website\",\"url\":\"https:\\\/\\\/rosamolinapsiquiatra.com\\\/\",\"name\":\"Rosa Molina Psiquiatra\",\"description\":\"Rosa Molina- Psiquiatra \",\"publisher\":{\"@id\":\"https:\\\/\\\/rosamolinapsiquiatra.com\\\/#organization\"},\"potentialAction\":[{\"@type\":\"SearchAction\",\"target\":{\"@type\":\"EntryPoint\",\"urlTemplate\":\"https:\\\/\\\/rosamolinapsiquiatra.com\\\/?s={search_term_string}\"},\"query-input\":{\"@type\":\"PropertyValueSpecification\",\"valueRequired\":true,\"valueName\":\"search_term_string\"}}],\"inLanguage\":\"en-GB\"},{\"@type\":\"Organization\",\"@id\":\"https:\\\/\\\/rosamolinapsiquiatra.com\\\/#organization\",\"name\":\"Rosa Molina Psiquiatra\",\"url\":\"https:\\\/\\\/rosamolinapsiquiatra.com\\\/\",\"logo\":{\"@type\":\"ImageObject\",\"inLanguage\":\"en-GB\",\"@id\":\"https:\\\/\\\/rosamolinapsiquiatra.com\\\/#\\\/schema\\\/logo\\\/image\\\/\",\"url\":\"https:\\\/\\\/rosamolinapsiquiatra.com\\\/wp-content\\\/uploads\\\/2022\\\/06\\\/Rojo-Blanco-Bordeado-Marco-Pajarita-Lazo-Padrino-Invitacion-3.png\",\"contentUrl\":\"https:\\\/\\\/rosamolinapsiquiatra.com\\\/wp-content\\\/uploads\\\/2022\\\/06\\\/Rojo-Blanco-Bordeado-Marco-Pajarita-Lazo-Padrino-Invitacion-3.png\",\"width\":1900,\"height\":1200,\"caption\":\"Rosa Molina Psiquiatra\"},\"image\":{\"@id\":\"https:\\\/\\\/rosamolinapsiquiatra.com\\\/#\\\/schema\\\/logo\\\/image\\\/\"}}]}<\/script>\n<!-- \/ Yoast SEO plugin. -->","yoast_head_json":{"title":"TU CUADERNILLO DE HERRAMIENTAS PARA TRABAJAR LA INTELIGENCIA EMOCIONAL Y SOCIAL - Rosa Molina Psiquiatra","robots":{"index":"index","follow":"follow","max-snippet":"max-snippet:-1","max-image-preview":"max-image-preview:large","max-video-preview":"max-video-preview:-1"},"canonical":"https:\/\/rosamolinapsiquiatra.com\/en\/product\/tu-cuadernillo-de-herramientas-para-trabajar-la-inteligencia-emocional-y-social-2\/","og_locale":"en_GB","og_type":"article","og_title":"TU CUADERNILLO DE HERRAMIENTAS PARA TRABAJAR LA INTELIGENCIA EMOCIONAL Y SOCIAL - Rosa Molina Psiquiatra","og_description":"\u00bfQuieres preparar a tus hijos para afrontar con \u00e9xito los retos del futuro? Este libro biling\u00fce (espa\u00f1ol\u2013ingl\u00e9s) es la herramienta perfecta para fortalecer sus habilidades emocionales y sociales. A trav\u00e9s de actividades pr\u00e1cticas y divertidas, dise\u00f1adas para disfrutar en familia, tus hijos aprender\u00e1n a:   Reconocer y gestionar sus emociones  Comunicar de forma asertiva  Desarrollar empat\u00eda y colaboraci\u00f3n  Afrontar retos con resiliencia  Su pr\u00e1ctico formato permite utilizarlo en casa, en el aula o durante los viajes, convirti\u00e9ndolo en un compa\u00f1ero ideal para el crecimiento personal. \u00a1Educar en emociones, nunca hab\u00eda sido tan divertido y efectivo!","og_url":"https:\/\/rosamolinapsiquiatra.com\/en\/product\/tu-cuadernillo-de-herramientas-para-trabajar-la-inteligencia-emocional-y-social-2\/","og_site_name":"Rosa Molina Psiquiatra","article_modified_time":"2025-07-16T11:56:50+00:00","og_image":[{"width":488,"height":736,"url":"https:\/\/rosamolinapsiquiatra.com\/wp-content\/uploads\/2025\/03\/Screenshot-2025-07-03-at-19.53.50.png","type":"image\/png"}],"twitter_card":"summary_large_image","twitter_misc":{"Estimated reading time":"1 minute"},"schema":{"@context":"https:\/\/schema.org","@graph":[{"@type":"WebPage","@id":"https:\/\/rosamolinapsiquiatra.com\/producto\/tu-cuadernillo-de-herramientas-para-trabajar-la-inteligencia-emocional-y-social-2","url":"https:\/\/rosamolinapsiquiatra.com\/producto\/tu-cuadernillo-de-herramientas-para-trabajar-la-inteligencia-emocional-y-social-2","name":"TU CUADERNILLO DE HERRAMIENTAS PARA TRABAJAR LA INTELIGENCIA EMOCIONAL Y SOCIAL - Rosa Molina Psiquiatra","isPartOf":{"@id":"https:\/\/rosamolinapsiquiatra.com\/#website"},"primaryImageOfPage":{"@id":"https:\/\/rosamolinapsiquiatra.com\/producto\/tu-cuadernillo-de-herramientas-para-trabajar-la-inteligencia-emocional-y-social-2#primaryimage"},"image":{"@id":"https:\/\/rosamolinapsiquiatra.com\/producto\/tu-cuadernillo-de-herramientas-para-trabajar-la-inteligencia-emocional-y-social-2#primaryimage"},"thumbnailUrl":"https:\/\/rosamolinapsiquiatra.com\/wp-content\/uploads\/2025\/03\/Screenshot-2025-07-03-at-19.53.50.png","datePublished":"2025-03-24T09:25:55+00:00","dateModified":"2025-07-16T11:56:50+00:00","breadcrumb":{"@id":"https:\/\/rosamolinapsiquiatra.com\/producto\/tu-cuadernillo-de-herramientas-para-trabajar-la-inteligencia-emocional-y-social-2#breadcrumb"},"inLanguage":"en-GB","potentialAction":[{"@type":"ReadAction","target":["https:\/\/rosamolinapsiquiatra.com\/producto\/tu-cuadernillo-de-herramientas-para-trabajar-la-inteligencia-emocional-y-social-2"]}]},{"@type":"ImageObject","inLanguage":"en-GB","@id":"https:\/\/rosamolinapsiquiatra.com\/producto\/tu-cuadernillo-de-herramientas-para-trabajar-la-inteligencia-emocional-y-social-2#primaryimage","url":"https:\/\/rosamolinapsiquiatra.com\/wp-content\/uploads\/2025\/03\/Screenshot-2025-07-03-at-19.53.50.png","contentUrl":"https:\/\/rosamolinapsiquiatra.com\/wp-content\/uploads\/2025\/03\/Screenshot-2025-07-03-at-19.53.50.png","width":488,"height":736},{"@type":"BreadcrumbList","@id":"https:\/\/rosamolinapsiquiatra.com\/producto\/tu-cuadernillo-de-herramientas-para-trabajar-la-inteligencia-emocional-y-social-2#breadcrumb","itemListElement":[{"@type":"ListItem","position":1,"name":"Portada","item":"https:\/\/rosamolinapsiquiatra.com\/"},{"@type":"ListItem","position":2,"name":"Tienda","item":"https:\/\/rosamolinapsiquiatra.com\/tienda"},{"@type":"ListItem","position":3,"name":"TU CUADERNILLO DE HERRAMIENTAS PARA TRABAJAR LA INTELIGENCIA EMOCIONAL Y SOCIAL"}]},{"@type":"WebSite","@id":"https:\/\/rosamolinapsiquiatra.com\/#website","url":"https:\/\/rosamolinapsiquiatra.com\/","name":"Rosa Molina Psiquiatra","description":"Rosa Molina - Psychiatrist","publisher":{"@id":"https:\/\/rosamolinapsiquiatra.com\/#organization"},"potentialAction":[{"@type":"SearchAction","target":{"@type":"EntryPoint","urlTemplate":"https:\/\/rosamolinapsiquiatra.com\/?s={search_term_string}"},"query-input":{"@type":"PropertyValueSpecification","valueRequired":true,"valueName":"search_term_string"}}],"inLanguage":"en-GB"},{"@type":"Organization","@id":"https:\/\/rosamolinapsiquiatra.com\/#organization","name":"Rosa Molina Psiquiatra","url":"https:\/\/rosamolinapsiquiatra.com\/","logo":{"@type":"ImageObject","inLanguage":"en-GB","@id":"https:\/\/rosamolinapsiquiatra.com\/#\/schema\/logo\/image\/","url":"https:\/\/rosamolinapsiquiatra.com\/wp-content\/uploads\/2022\/06\/Rojo-Blanco-Bordeado-Marco-Pajarita-Lazo-Padrino-Invitacion-3.png","contentUrl":"https:\/\/rosamolinapsiquiatra.com\/wp-content\/uploads\/2022\/06\/Rojo-Blanco-Bordeado-Marco-Pajarita-Lazo-Padrino-Invitacion-3.png","width":1900,"height":1200,"caption":"Rosa Molina Psiquiatra"},"image":{"@id":"https:\/\/rosamolinapsiquiatra.com\/#\/schema\/logo\/image\/"}}]}},"jetpack_sharing_enabled":true,"_links":{"self":[{"href":"https:\/\/rosamolinapsiquiatra.com\/en\/wp-json\/wp\/v2\/product\/4504","targetHints":{"allow":["GET"]}}],"collection":[{"href":"https:\/\/rosamolinapsiquiatra.com\/en\/wp-json\/wp\/v2\/product"}],"about":[{"href":"https:\/\/rosamolinapsiquiatra.com\/en\/wp-json\/wp\/v2\/types\/product"}],"wp:featuredmedia":[{"embeddable":true,"href":"https:\/\/rosamolinapsiquiatra.com\/en\/wp-json\/wp\/v2\/media\/4660"}],"wp:attachment":[{"href":"https:\/\/rosamolinapsiquiatra.com\/en\/wp-json\/wp\/v2\/media?parent=4504"}],"wp:term":[{"taxonomy":"product_brand","embeddable":true,"href":"https:\/\/rosamolinapsiquiatra.com\/en\/wp-json\/wp\/v2\/product_brand?post=4504"},{"taxonomy":"product_cat","embeddable":true,"href":"https:\/\/rosamolinapsiquiatra.com\/en\/wp-json\/wp\/v2\/product_cat?post=4504"},{"taxonomy":"product_tag","embeddable":true,"href":"https:\/\/rosamolinapsiquiatra.com\/en\/wp-json\/wp\/v2\/product_tag?post=4504"}],"curies":[{"name":"wp","href":"https:\/\/api.w.org\/{rel}","templated":true}]}}