{"id":4483,"date":"2025-03-17T10:56:53","date_gmt":"2025-03-17T10:56:53","guid":{"rendered":"https:\/\/rosamolinapsiquiatra.com\/?post_type=product&#038;p=4483"},"modified":"2025-04-01T10:24:38","modified_gmt":"2025-04-01T10:24:38","slug":"tus-microtraumas-como-identificar-tus-heridas-emocionales-para-que-tu-pasado-no-condicione-tu-futuro","status":"publish","type":"product","link":"https:\/\/rosamolinapsiquiatra.com\/en\/product\/tus-microtraumas-como-identificar-tus-heridas-emocionales-para-que-tu-pasado-no-condicione-tu-futuro","title":{"rendered":"Your microtraumas: How to identify your emotional wounds so that your past will not jeopardise your future"},"content":{"rendered":"<p><strong><span class=\"a-text-bold\">Tras el \u00e9xito de Una mente con mucho cuerpo, la psiquiatra y divulgadora Rosa Molina nos ofrece en su nuevo libro, Tus microtraumas, una gu\u00eda para identificar y curar las heridas emocionales que forman parte de nuestra vida cotidiana.<\/span><\/strong><\/p>\n<p>Igual que las ra\u00edces de las plantas y los brotes que crecen en las grietas del suelo pueden llegar a da\u00f1arlo y desnivelarlo, algunos traumas act\u00faan como un \u00abcuerpo extra\u00f1o\u00bb en una herida, saboteando nuestro presente y generando un sufrimiento innecesario.<\/p>\n<p>De la mano de la psiquiatra Rosa Molina, vamos a distinguir los traumas m\u00e1s conocidos, \u00ablos de alto voltaje\u00bb \u2014un suceso \u00fanico y devastador que marca un antes y un despu\u00e9s en la vida de una persona\u2014, de los microtraumas \u2014heridas emocionales de una envergadura aparentemente menor, pero cuyas caracter\u00edsticas, frecuencia o contexto condicionan nuestra vida y nuestra relaci\u00f3n con los dem\u00e1s.<\/p>\n<p>En este libro, la doctora Molina nos descubre qu\u00e9 factores nos hacen m\u00e1s vulnerables ante el sufrimiento y el dolor emocional, c\u00f3mo el apego y el contexto resultan indispensables para construir personalidades red-silientes y de qu\u00e9 manera podemos identificar y afrontar los microtraumas que originan las conductas que amplifican y mantienen nuestro malestar.<\/p>\n<p><span class=\"a-text-italic\">Your microtraumas\u00a0<\/span>es una gu\u00eda completa para identificar, conocer y superar las huellas de nuestro pasado y lograr que estas no determinen nuestro presente. Porque el cambio no solo es posible, es de hecho inevitable.<\/p>","protected":false},"excerpt":{"rendered":"<p>Tras el \u00e9xito de Una mente con mucho cuerpo, la psiquiatra y divulgadora Rosa Molina nos ofrece en su nuevo libro, Tus microtraumas, una gu\u00eda para identificar y curar las heridas emocionales que forman parte de nuestra vida cotidiana. Igual que las ra\u00edces de las plantas y los brotes que crecen en las grietas del suelo pueden llegar a da\u00f1arlo y desnivelarlo, algunos traumas act\u00faan como un \u00abcuerpo extra\u00f1o\u00bb en una herida, saboteando nuestro presente y generando un sufrimiento innecesario. De la mano de la psiquiatra Rosa Molina, vamos a distinguir los traumas m\u00e1s conocidos, \u00ablos de alto voltaje\u00bb \u2014un suceso \u00fanico y devastador que marca un antes y un despu\u00e9s en la vida de una persona\u2014, de los microtraumas \u2014heridas emocionales de una envergadura aparentemente menor, pero cuyas caracter\u00edsticas, frecuencia o contexto condicionan nuestra vida y nuestra relaci\u00f3n con los dem\u00e1s. En este libro, la doctora Molina nos descubre qu\u00e9 factores nos hacen m\u00e1s vulnerables ante el sufrimiento y el dolor emocional, c\u00f3mo el apego y el contexto resultan indispensables para construir personalidades red-silientes y de qu\u00e9 manera podemos identificar y afrontar los microtraumas que originan las conductas que amplifican y mantienen nuestro malestar. Tus microtraumas\u00a0es una gu\u00eda completa para identificar, conocer y superar las huellas de nuestro pasado y lograr que estas no determinen nuestro presente. Porque el cambio no solo es posible, es de hecho inevitable.<\/p>","protected":false},"featured_media":4500,"template":"","meta":{"_acf_changed":false},"product_brand":[],"product_cat":[26],"product_tag":[],"class_list":{"0":"post-4483","1":"product","2":"type-product","3":"status-publish","4":"has-post-thumbnail","6":"product_cat-libros","8":"first","9":"instock","10":"taxable","11":"shipping-taxable","12":"purchasable","13":"product-type-simple"},"acf":[],"yoast_head":"<!-- This site is optimized with the Yoast SEO plugin v27.5 - https:\/\/yoast.com\/product\/yoast-seo-wordpress\/ -->\n<title>Tus microtraumas: C\u00f3mo identificar tus heridas emocionales para que tu pasado no condicione tu futuro - Rosa Molina Psiquiatra<\/title>\n<meta name=\"robots\" content=\"index, follow, max-snippet:-1, max-image-preview:large, max-video-preview:-1\" \/>\n<link rel=\"canonical\" href=\"https:\/\/rosamolinapsiquiatra.com\/en\/product\/tus-microtraumas-como-identificar-tus-heridas-emocionales-para-que-tu-pasado-no-condicione-tu-futuro\/\" \/>\n<meta property=\"og:locale\" content=\"en_GB\" \/>\n<meta property=\"og:type\" content=\"article\" \/>\n<meta property=\"og:title\" content=\"Tus microtraumas: C\u00f3mo identificar tus heridas emocionales para que tu pasado no condicione tu futuro - Rosa Molina Psiquiatra\" \/>\n<meta property=\"og:description\" content=\"Tras el \u00e9xito de Una mente con mucho cuerpo, la psiquiatra y divulgadora Rosa Molina nos ofrece en su nuevo libro, Tus microtraumas, una gu\u00eda para identificar y curar las heridas emocionales que forman parte de nuestra vida cotidiana. Igual que las ra\u00edces de las plantas y los brotes que crecen en las grietas del suelo pueden llegar a da\u00f1arlo y desnivelarlo, algunos traumas act\u00faan como un \u00abcuerpo extra\u00f1o\u00bb en una herida, saboteando nuestro presente y generando un sufrimiento innecesario. De la mano de la psiquiatra Rosa Molina, vamos a distinguir los traumas m\u00e1s conocidos, \u00ablos de alto voltaje\u00bb \u2014un suceso \u00fanico y devastador que marca un antes y un despu\u00e9s en la vida de una persona\u2014, de los microtraumas \u2014heridas emocionales de una envergadura aparentemente menor, pero cuyas caracter\u00edsticas, frecuencia o contexto condicionan nuestra vida y nuestra relaci\u00f3n con los dem\u00e1s. En este libro, la doctora Molina nos descubre qu\u00e9 factores nos hacen m\u00e1s vulnerables ante el sufrimiento y el dolor emocional, c\u00f3mo el apego y el contexto resultan indispensables para construir personalidades red-silientes y de qu\u00e9 manera podemos identificar y afrontar los microtraumas que originan las conductas que amplifican y mantienen nuestro malestar. Tus microtraumas\u00a0es una gu\u00eda completa para identificar, conocer y superar las huellas de nuestro pasado y lograr que estas no determinen nuestro presente. Porque el cambio no solo es posible, es de hecho inevitable.\" \/>\n<meta property=\"og:url\" content=\"https:\/\/rosamolinapsiquiatra.com\/en\/product\/tus-microtraumas-como-identificar-tus-heridas-emocionales-para-que-tu-pasado-no-condicione-tu-futuro\/\" \/>\n<meta property=\"og:site_name\" content=\"Rosa Molina Psiquiatra\" \/>\n<meta property=\"article:modified_time\" content=\"2025-04-01T10:24:38+00:00\" \/>\n<meta property=\"og:image\" content=\"https:\/\/rosamolinapsiquiatra.com\/wp-content\/uploads\/2025\/03\/librotusmicrotraumas.png\" \/>\n\t<meta property=\"og:image:width\" content=\"1080\" \/>\n\t<meta property=\"og:image:height\" content=\"1080\" \/>\n\t<meta property=\"og:image:type\" content=\"image\/png\" \/>\n<meta name=\"twitter:card\" content=\"summary_large_image\" \/>\n<meta name=\"twitter:label1\" content=\"Estimated reading time\" \/>\n\t<meta name=\"twitter:data1\" content=\"2 minutes\" \/>\n<script type=\"application\/ld+json\" class=\"yoast-schema-graph\">{\"@context\":\"https:\\\/\\\/schema.org\",\"@graph\":[{\"@type\":\"WebPage\",\"@id\":\"https:\\\/\\\/rosamolinapsiquiatra.com\\\/producto\\\/tus-microtraumas-como-identificar-tus-heridas-emocionales-para-que-tu-pasado-no-condicione-tu-futuro\",\"url\":\"https:\\\/\\\/rosamolinapsiquiatra.com\\\/producto\\\/tus-microtraumas-como-identificar-tus-heridas-emocionales-para-que-tu-pasado-no-condicione-tu-futuro\",\"name\":\"Tus microtraumas: C\u00f3mo identificar tus heridas emocionales para que tu pasado no condicione tu futuro - Rosa Molina Psiquiatra\",\"isPartOf\":{\"@id\":\"https:\\\/\\\/rosamolinapsiquiatra.com\\\/#website\"},\"primaryImageOfPage\":{\"@id\":\"https:\\\/\\\/rosamolinapsiquiatra.com\\\/producto\\\/tus-microtraumas-como-identificar-tus-heridas-emocionales-para-que-tu-pasado-no-condicione-tu-futuro#primaryimage\"},\"image\":{\"@id\":\"https:\\\/\\\/rosamolinapsiquiatra.com\\\/producto\\\/tus-microtraumas-como-identificar-tus-heridas-emocionales-para-que-tu-pasado-no-condicione-tu-futuro#primaryimage\"},\"thumbnailUrl\":\"https:\\\/\\\/rosamolinapsiquiatra.com\\\/wp-content\\\/uploads\\\/2025\\\/03\\\/librotusmicrotraumas.png\",\"datePublished\":\"2025-03-17T10:56:53+00:00\",\"dateModified\":\"2025-04-01T10:24:38+00:00\",\"breadcrumb\":{\"@id\":\"https:\\\/\\\/rosamolinapsiquiatra.com\\\/producto\\\/tus-microtraumas-como-identificar-tus-heridas-emocionales-para-que-tu-pasado-no-condicione-tu-futuro#breadcrumb\"},\"inLanguage\":\"en-GB\",\"potentialAction\":[{\"@type\":\"ReadAction\",\"target\":[\"https:\\\/\\\/rosamolinapsiquiatra.com\\\/producto\\\/tus-microtraumas-como-identificar-tus-heridas-emocionales-para-que-tu-pasado-no-condicione-tu-futuro\"]}]},{\"@type\":\"ImageObject\",\"inLanguage\":\"en-GB\",\"@id\":\"https:\\\/\\\/rosamolinapsiquiatra.com\\\/producto\\\/tus-microtraumas-como-identificar-tus-heridas-emocionales-para-que-tu-pasado-no-condicione-tu-futuro#primaryimage\",\"url\":\"https:\\\/\\\/rosamolinapsiquiatra.com\\\/wp-content\\\/uploads\\\/2025\\\/03\\\/librotusmicrotraumas.png\",\"contentUrl\":\"https:\\\/\\\/rosamolinapsiquiatra.com\\\/wp-content\\\/uploads\\\/2025\\\/03\\\/librotusmicrotraumas.png\",\"width\":1080,\"height\":1080},{\"@type\":\"BreadcrumbList\",\"@id\":\"https:\\\/\\\/rosamolinapsiquiatra.com\\\/producto\\\/tus-microtraumas-como-identificar-tus-heridas-emocionales-para-que-tu-pasado-no-condicione-tu-futuro#breadcrumb\",\"itemListElement\":[{\"@type\":\"ListItem\",\"position\":1,\"name\":\"Portada\",\"item\":\"https:\\\/\\\/rosamolinapsiquiatra.com\\\/\"},{\"@type\":\"ListItem\",\"position\":2,\"name\":\"Tienda\",\"item\":\"https:\\\/\\\/rosamolinapsiquiatra.com\\\/tienda\"},{\"@type\":\"ListItem\",\"position\":3,\"name\":\"Tus microtraumas: C\u00f3mo identificar tus heridas emocionales para que tu pasado no condicione tu futuro\"}]},{\"@type\":\"WebSite\",\"@id\":\"https:\\\/\\\/rosamolinapsiquiatra.com\\\/#website\",\"url\":\"https:\\\/\\\/rosamolinapsiquiatra.com\\\/\",\"name\":\"Rosa Molina Psiquiatra\",\"description\":\"Rosa Molina- Psiquiatra \",\"publisher\":{\"@id\":\"https:\\\/\\\/rosamolinapsiquiatra.com\\\/#organization\"},\"potentialAction\":[{\"@type\":\"SearchAction\",\"target\":{\"@type\":\"EntryPoint\",\"urlTemplate\":\"https:\\\/\\\/rosamolinapsiquiatra.com\\\/?s={search_term_string}\"},\"query-input\":{\"@type\":\"PropertyValueSpecification\",\"valueRequired\":true,\"valueName\":\"search_term_string\"}}],\"inLanguage\":\"en-GB\"},{\"@type\":\"Organization\",\"@id\":\"https:\\\/\\\/rosamolinapsiquiatra.com\\\/#organization\",\"name\":\"Rosa Molina Psiquiatra\",\"url\":\"https:\\\/\\\/rosamolinapsiquiatra.com\\\/\",\"logo\":{\"@type\":\"ImageObject\",\"inLanguage\":\"en-GB\",\"@id\":\"https:\\\/\\\/rosamolinapsiquiatra.com\\\/#\\\/schema\\\/logo\\\/image\\\/\",\"url\":\"https:\\\/\\\/rosamolinapsiquiatra.com\\\/wp-content\\\/uploads\\\/2022\\\/06\\\/Rojo-Blanco-Bordeado-Marco-Pajarita-Lazo-Padrino-Invitacion-3.png\",\"contentUrl\":\"https:\\\/\\\/rosamolinapsiquiatra.com\\\/wp-content\\\/uploads\\\/2022\\\/06\\\/Rojo-Blanco-Bordeado-Marco-Pajarita-Lazo-Padrino-Invitacion-3.png\",\"width\":1900,\"height\":1200,\"caption\":\"Rosa Molina Psiquiatra\"},\"image\":{\"@id\":\"https:\\\/\\\/rosamolinapsiquiatra.com\\\/#\\\/schema\\\/logo\\\/image\\\/\"}}]}<\/script>\n<!-- \/ Yoast SEO plugin. -->","yoast_head_json":{"title":"Tus microtraumas: C\u00f3mo identificar tus heridas emocionales para que tu pasado no condicione tu futuro - Rosa Molina Psiquiatra","robots":{"index":"index","follow":"follow","max-snippet":"max-snippet:-1","max-image-preview":"max-image-preview:large","max-video-preview":"max-video-preview:-1"},"canonical":"https:\/\/rosamolinapsiquiatra.com\/en\/product\/tus-microtraumas-como-identificar-tus-heridas-emocionales-para-que-tu-pasado-no-condicione-tu-futuro\/","og_locale":"en_GB","og_type":"article","og_title":"Tus microtraumas: C\u00f3mo identificar tus heridas emocionales para que tu pasado no condicione tu futuro - Rosa Molina Psiquiatra","og_description":"Tras el \u00e9xito de Una mente con mucho cuerpo, la psiquiatra y divulgadora Rosa Molina nos ofrece en su nuevo libro, Tus microtraumas, una gu\u00eda para identificar y curar las heridas emocionales que forman parte de nuestra vida cotidiana. Igual que las ra\u00edces de las plantas y los brotes que crecen en las grietas del suelo pueden llegar a da\u00f1arlo y desnivelarlo, algunos traumas act\u00faan como un \u00abcuerpo extra\u00f1o\u00bb en una herida, saboteando nuestro presente y generando un sufrimiento innecesario. De la mano de la psiquiatra Rosa Molina, vamos a distinguir los traumas m\u00e1s conocidos, \u00ablos de alto voltaje\u00bb \u2014un suceso \u00fanico y devastador que marca un antes y un despu\u00e9s en la vida de una persona\u2014, de los microtraumas \u2014heridas emocionales de una envergadura aparentemente menor, pero cuyas caracter\u00edsticas, frecuencia o contexto condicionan nuestra vida y nuestra relaci\u00f3n con los dem\u00e1s. En este libro, la doctora Molina nos descubre qu\u00e9 factores nos hacen m\u00e1s vulnerables ante el sufrimiento y el dolor emocional, c\u00f3mo el apego y el contexto resultan indispensables para construir personalidades red-silientes y de qu\u00e9 manera podemos identificar y afrontar los microtraumas que originan las conductas que amplifican y mantienen nuestro malestar. Tus microtraumas\u00a0es una gu\u00eda completa para identificar, conocer y superar las huellas de nuestro pasado y lograr que estas no determinen nuestro presente. Porque el cambio no solo es posible, es de hecho inevitable.","og_url":"https:\/\/rosamolinapsiquiatra.com\/en\/product\/tus-microtraumas-como-identificar-tus-heridas-emocionales-para-que-tu-pasado-no-condicione-tu-futuro\/","og_site_name":"Rosa Molina Psiquiatra","article_modified_time":"2025-04-01T10:24:38+00:00","og_image":[{"width":1080,"height":1080,"url":"https:\/\/rosamolinapsiquiatra.com\/wp-content\/uploads\/2025\/03\/librotusmicrotraumas.png","type":"image\/png"}],"twitter_card":"summary_large_image","twitter_misc":{"Estimated reading time":"2 minutes"},"schema":{"@context":"https:\/\/schema.org","@graph":[{"@type":"WebPage","@id":"https:\/\/rosamolinapsiquiatra.com\/producto\/tus-microtraumas-como-identificar-tus-heridas-emocionales-para-que-tu-pasado-no-condicione-tu-futuro","url":"https:\/\/rosamolinapsiquiatra.com\/producto\/tus-microtraumas-como-identificar-tus-heridas-emocionales-para-que-tu-pasado-no-condicione-tu-futuro","name":"Tus microtraumas: C\u00f3mo identificar tus heridas emocionales para que tu pasado no condicione tu futuro - Rosa Molina Psiquiatra","isPartOf":{"@id":"https:\/\/rosamolinapsiquiatra.com\/#website"},"primaryImageOfPage":{"@id":"https:\/\/rosamolinapsiquiatra.com\/producto\/tus-microtraumas-como-identificar-tus-heridas-emocionales-para-que-tu-pasado-no-condicione-tu-futuro#primaryimage"},"image":{"@id":"https:\/\/rosamolinapsiquiatra.com\/producto\/tus-microtraumas-como-identificar-tus-heridas-emocionales-para-que-tu-pasado-no-condicione-tu-futuro#primaryimage"},"thumbnailUrl":"https:\/\/rosamolinapsiquiatra.com\/wp-content\/uploads\/2025\/03\/librotusmicrotraumas.png","datePublished":"2025-03-17T10:56:53+00:00","dateModified":"2025-04-01T10:24:38+00:00","breadcrumb":{"@id":"https:\/\/rosamolinapsiquiatra.com\/producto\/tus-microtraumas-como-identificar-tus-heridas-emocionales-para-que-tu-pasado-no-condicione-tu-futuro#breadcrumb"},"inLanguage":"en-GB","potentialAction":[{"@type":"ReadAction","target":["https:\/\/rosamolinapsiquiatra.com\/producto\/tus-microtraumas-como-identificar-tus-heridas-emocionales-para-que-tu-pasado-no-condicione-tu-futuro"]}]},{"@type":"ImageObject","inLanguage":"en-GB","@id":"https:\/\/rosamolinapsiquiatra.com\/producto\/tus-microtraumas-como-identificar-tus-heridas-emocionales-para-que-tu-pasado-no-condicione-tu-futuro#primaryimage","url":"https:\/\/rosamolinapsiquiatra.com\/wp-content\/uploads\/2025\/03\/librotusmicrotraumas.png","contentUrl":"https:\/\/rosamolinapsiquiatra.com\/wp-content\/uploads\/2025\/03\/librotusmicrotraumas.png","width":1080,"height":1080},{"@type":"BreadcrumbList","@id":"https:\/\/rosamolinapsiquiatra.com\/producto\/tus-microtraumas-como-identificar-tus-heridas-emocionales-para-que-tu-pasado-no-condicione-tu-futuro#breadcrumb","itemListElement":[{"@type":"ListItem","position":1,"name":"Portada","item":"https:\/\/rosamolinapsiquiatra.com\/"},{"@type":"ListItem","position":2,"name":"Tienda","item":"https:\/\/rosamolinapsiquiatra.com\/tienda"},{"@type":"ListItem","position":3,"name":"Tus microtraumas: C\u00f3mo identificar tus heridas emocionales para que tu pasado no condicione tu futuro"}]},{"@type":"WebSite","@id":"https:\/\/rosamolinapsiquiatra.com\/#website","url":"https:\/\/rosamolinapsiquiatra.com\/","name":"Rosa Molina Psiquiatra","description":"Rosa Molina - Psychiatrist","publisher":{"@id":"https:\/\/rosamolinapsiquiatra.com\/#organization"},"potentialAction":[{"@type":"SearchAction","target":{"@type":"EntryPoint","urlTemplate":"https:\/\/rosamolinapsiquiatra.com\/?s={search_term_string}"},"query-input":{"@type":"PropertyValueSpecification","valueRequired":true,"valueName":"search_term_string"}}],"inLanguage":"en-GB"},{"@type":"Organization","@id":"https:\/\/rosamolinapsiquiatra.com\/#organization","name":"Rosa Molina Psiquiatra","url":"https:\/\/rosamolinapsiquiatra.com\/","logo":{"@type":"ImageObject","inLanguage":"en-GB","@id":"https:\/\/rosamolinapsiquiatra.com\/#\/schema\/logo\/image\/","url":"https:\/\/rosamolinapsiquiatra.com\/wp-content\/uploads\/2022\/06\/Rojo-Blanco-Bordeado-Marco-Pajarita-Lazo-Padrino-Invitacion-3.png","contentUrl":"https:\/\/rosamolinapsiquiatra.com\/wp-content\/uploads\/2022\/06\/Rojo-Blanco-Bordeado-Marco-Pajarita-Lazo-Padrino-Invitacion-3.png","width":1900,"height":1200,"caption":"Rosa Molina Psiquiatra"},"image":{"@id":"https:\/\/rosamolinapsiquiatra.com\/#\/schema\/logo\/image\/"}}]}},"jetpack_sharing_enabled":true,"_links":{"self":[{"href":"https:\/\/rosamolinapsiquiatra.com\/en\/wp-json\/wp\/v2\/product\/4483","targetHints":{"allow":["GET"]}}],"collection":[{"href":"https:\/\/rosamolinapsiquiatra.com\/en\/wp-json\/wp\/v2\/product"}],"about":[{"href":"https:\/\/rosamolinapsiquiatra.com\/en\/wp-json\/wp\/v2\/types\/product"}],"wp:featuredmedia":[{"embeddable":true,"href":"https:\/\/rosamolinapsiquiatra.com\/en\/wp-json\/wp\/v2\/media\/4500"}],"wp:attachment":[{"href":"https:\/\/rosamolinapsiquiatra.com\/en\/wp-json\/wp\/v2\/media?parent=4483"}],"wp:term":[{"taxonomy":"product_brand","embeddable":true,"href":"https:\/\/rosamolinapsiquiatra.com\/en\/wp-json\/wp\/v2\/product_brand?post=4483"},{"taxonomy":"product_cat","embeddable":true,"href":"https:\/\/rosamolinapsiquiatra.com\/en\/wp-json\/wp\/v2\/product_cat?post=4483"},{"taxonomy":"product_tag","embeddable":true,"href":"https:\/\/rosamolinapsiquiatra.com\/en\/wp-json\/wp\/v2\/product_tag?post=4483"}],"curies":[{"name":"wp","href":"https:\/\/api.w.org\/{rel}","templated":true}]}}