{"id":4562,"date":"2025-05-06T09:39:48","date_gmt":"2025-05-06T09:39:48","guid":{"rendered":"https:\/\/rosamolinapsiquiatra.com\/?page_id=4562"},"modified":"2025-05-06T09:40:43","modified_gmt":"2025-05-06T09:40:43","slug":"politica-de-cookies","status":"publish","type":"page","link":"https:\/\/rosamolinapsiquiatra.com\/en\/politica-de-cookies","title":{"rendered":"Cookie policy"},"content":{"rendered":"<div data-elementor-type=\"wp-page\" data-elementor-id=\"4562\" class=\"elementor elementor-4562\" data-elementor-post-type=\"page\">\n\t\t\t\t\t\t<section class=\"elementor-section elementor-top-section elementor-element elementor-element-c27d3d5 elementor-section-boxed elementor-section-height-default elementor-section-height-default wpr-particle-no wpr-jarallax-no wpr-parallax-no wpr-sticky-section-no wpr-equal-height-no\" data-id=\"c27d3d5\" data-element_type=\"section\" data-e-type=\"section\">\n\t\t\t\t\t\t<div class=\"elementor-container elementor-column-gap-default\">\n\t\t\t\t\t<div class=\"elementor-column elementor-col-100 elementor-top-column elementor-element elementor-element-58874b8\" data-id=\"58874b8\" data-element_type=\"column\" data-e-type=\"column\">\n\t\t\t<div class=\"elementor-widget-wrap elementor-element-populated\">\n\t\t\t\t\t\t<div class=\"elementor-element elementor-element-c89d34e elementor-widget elementor-widget-spacer\" data-id=\"c89d34e\" data-element_type=\"widget\" data-e-type=\"widget\" data-widget_type=\"spacer.default\">\n\t\t\t\t\t\t\t<div class=\"elementor-spacer\">\n\t\t\t<div class=\"elementor-spacer-inner\"><\/div>\n\t\t<\/div>\n\t\t\t\t\t\t<\/div>\n\t\t\t\t<div class=\"elementor-element elementor-element-065a408 elementor-widget elementor-widget-heading\" data-id=\"065a408\" data-element_type=\"widget\" data-e-type=\"widget\" data-widget_type=\"heading.default\">\n\t\t\t\t\t<h2 class=\"elementor-heading-title elementor-size-default\">cookie policy<\/h2>\t\t\t\t<\/div>\n\t\t\t\t\t<\/div>\n\t\t<\/div>\n\t\t\t\t\t<\/div>\n\t\t<\/section>\n\t\t\t\t<section class=\"elementor-section elementor-top-section elementor-element elementor-element-6f4789b elementor-section-boxed elementor-section-height-default elementor-section-height-default wpr-particle-no wpr-jarallax-no wpr-parallax-no wpr-sticky-section-no wpr-equal-height-no\" data-id=\"6f4789b\" data-element_type=\"section\" data-e-type=\"section\">\n\t\t\t\t\t\t<div class=\"elementor-container elementor-column-gap-default\">\n\t\t\t\t\t<div class=\"elementor-column elementor-col-100 elementor-top-column elementor-element elementor-element-0d3a626\" data-id=\"0d3a626\" data-element_type=\"column\" data-e-type=\"column\">\n\t\t\t<div class=\"elementor-widget-wrap elementor-element-populated\">\n\t\t\t\t\t\t<div class=\"elementor-element elementor-element-0f4b5eb elementor-widget elementor-widget-text-editor\" data-id=\"0f4b5eb\" data-element_type=\"widget\" data-e-type=\"widget\" data-widget_type=\"text-editor.default\">\n\t\t\t\t\t\t\t\t\t<p>On the website of Rosa M. Molina Ruiz<em><strong>.<\/strong><\/em>\u00a0we use cookies to improve the user experience, easy navigation and optimize the performance of our site. Below, we explain what cookies are, what types of cookies do we use and how you can manage them.<\/p><h4>What are Cookies?<\/h4><p>Cookies are small text files which are stored on a user&#039;s device (computer, smartphone, tablet, etc) when you visit a website. These cookies allow the website to remember information about your visit, such as preferred language, the products that you have added to the shopping cart, or your browsing preferences.<\/p><h4>Types of Cookies Used<\/h4><ol><li><strong>Technical Cookies or strictly Necessary<\/strong>:<br \/>These cookies are essential to the operation of the website and allow the user to navigate the site and to use its basic functions, such as access to secure areas or processing of an order.<\/li><li><strong>Cookies Preferences<\/strong>:<br \/>Remembers the user&#039;s preferences, such as language or regional settings, to enhance the experience on future visits.<\/li><li><strong>Cookies of Analysis or Performance<\/strong>:<br \/>These cookies collect information on how users interact with the website, such as the pages most visited, the links you click, or the time they spend on the site. This information helps us to improve the performance and functionality of the website.<\/li><li><strong>Advertising Cookies or Marketing<\/strong>:<br \/>We use these cookies to display more relevant ads to users based on their interests, both on our site and on other web sites. These cookies also limit the number of times a user sees an ad and help us measure the effectiveness of our advertising campaigns.<\/li><li><strong>Third party Cookies<\/strong>:<br \/>In some sections of our site can be installed third-party cookies, such as Google Analytics, to data analysis and social networks (such as share buttons). These cookies are managed by third parties and not by Rosa M. Molina Ruiz<\/li><\/ol><h4>How can I manage Cookies?<\/h4><p>When you access our website for the first time, you will see a banner of cookies that will allow you to accept or configure the use of cookies in accordance with your preferences. At any time, you can manage your cookie preferences through the settings of your browser:<\/p><ul><li><strong>Google Chrome<\/strong>: https:\/\/support.google.com\/chrome\/answer\/95647?hl=es<\/li><li><strong>Mozilla Firefox<\/strong>: https:\/\/support.mozilla.org\/es\/kb\/habilitar-y-deshabilitar-cookies-sitios-web-rastrear-preferencias<\/li><li><strong>Safari<\/strong>: https:\/\/support.apple.com\/es-es\/guide\/safari\/sfri11471\/mac<\/li><li><strong>Microsoft Edge<\/strong>: https:\/\/support.microsoft.com\/es-es\/microsoft-edge\/borrar-las-cookies-en-microsoft-edge-63947406-40ac-c3b8-57b9-2a946a29ae09<\/li><\/ul><p>If you disable cookies, some features of our site may not work correctly or the user experience is affected.<\/p><h4>Cookies used on this website<\/h4><p>Below, we offer a list of the main cookies used on our site:<\/p><table><thead><tr><th><strong>Name of the cookie<\/strong><\/th><th><strong>Provider<\/strong><\/th><th><strong>Purpose<\/strong><\/th><th><strong>Duration<\/strong><\/th><\/tr><\/thead><tbody><tr><td>CookieConsent<\/td><td>Own<\/td><td>Stores the consent of all cookies on the user<\/td><td>1 year<\/td><\/tr><tr><td>_ga<\/td><td>Google<\/td><td>Used to distinguish users<\/td><td>2 years<\/td><\/tr><tr><td>_gid<\/td><td>Google<\/td><td>Used to distinguish users<\/td><td>24 hours<\/td><\/tr><tr><td>_gat<\/td><td>Google<\/td><td>It is used to limit the percentage of requests<\/td><td>1 minute<\/td><\/tr><\/tbody><\/table><h4>Updates and changes to the Cookie Policy<\/h4><p>Rosa M. Molina Ruiz reserves the right to change this Cookie Policy at any time. Any changes will be posted on this website. We encourage you to review this policy periodically to stay informed about how we use cookies.<\/p><h4>Contact<\/h4><p>If you have any questions about our Cookie Policy, you can get in touch with us on <a class=\"css-1rn59kg\" title=\"mailto:rosamolina18@hotmail.com\" href=\"mailto:rosamolina18@hotmail.com\" data-testid=\"link-with-safety\" data-renderer-mark=\"true\">rosamolina18@hotmail.com<\/a><\/p>\t\t\t\t\t\t\t\t<\/div>\n\t\t\t\t\t<\/div>\n\t\t<\/div>\n\t\t\t\t\t<\/div>\n\t\t<\/section>\n\t\t\t\t<\/div>","protected":false},"excerpt":{"rendered":"<p>pol\u00edtica de cookies En el sitio web de Rosa M. Molina Ruiz.\u00a0utilizamos cookies para mejorar la experiencia de los usuarios, facilitar la navegaci\u00f3n y optimizar el rendimiento de nuestro sitio web. A continuaci\u00f3n, te explicamos qu\u00e9 son las cookies, qu\u00e9 tipo de cookies utilizamos y c\u00f3mo puedes gestionarlas. \u00bfQu\u00e9 son las Cookies? Las cookies son peque\u00f1os archivos de texto que se almacenan en el dispositivo del usuario (ordenador, smartphone, tablet, etc.) cuando visita un sitio web. Estas cookies permiten que el sitio web recuerde informaci\u00f3n sobre tu visita, como el idioma preferido, los productos que has a\u00f1adido al carrito o tus preferencias de navegaci\u00f3n. Tipos de Cookies Utilizadas Cookies T\u00e9cnicas o Necesarias:Estas cookies son esenciales para el funcionamiento del sitio web y permiten al usuario navegar por el sitio y utilizar sus funciones b\u00e1sicas, como el acceso a \u00e1reas seguras o el procesamiento de un pedido. Cookies de Preferencias:Permiten recordar las preferencias del usuario, como el idioma o la configuraci\u00f3n regional, para mejorar la experiencia en futuras visitas. Cookies de An\u00e1lisis o Rendimiento:Estas cookies recopilan informaci\u00f3n sobre c\u00f3mo los usuarios interact\u00faan con el sitio web, como las p\u00e1ginas que m\u00e1s visitan, los enlaces en los que hacen clic o el tiempo que pasan en el sitio. Esta informaci\u00f3n nos ayuda a mejorar el rendimiento y la funcionalidad del sitio web. Cookies de Publicidad o Marketing:Utilizamos estas cookies para mostrar anuncios m\u00e1s relevantes para los usuarios en funci\u00f3n de sus intereses, tanto en nuestro sitio como en otros sitios web. Estas cookies tambi\u00e9n limitan el n\u00famero de veces que un usuario ve un anuncio y nos ayudan a medir la efectividad de nuestras campa\u00f1as publicitarias. Cookies de Terceros:En algunas secciones de nuestro sitio web pueden instalarse cookies de terceros, como Google Analytics, para el an\u00e1lisis de datos y redes sociales (como botones de compartir). Estas cookies son gestionadas por terceros y no por Rosa M. Molina Ruiz \u00bfC\u00f3mo gestionar las Cookies? Al acceder a nuestro sitio web por primera vez, ver\u00e1s un banner de cookies que te permitir\u00e1 aceptar o configurar el uso de las cookies de acuerdo con tus preferencias. En cualquier momento, puedes gestionar tus preferencias de cookies a trav\u00e9s de la configuraci\u00f3n de tu navegador: Google Chrome: https:\/\/support.google.com\/chrome\/answer\/95647?hl=es Mozilla Firefox: https:\/\/support.mozilla.org\/es\/kb\/habilitar-y-deshabilitar-cookies-sitios-web-rastrear-preferencias Safari: https:\/\/support.apple.com\/es-es\/guide\/safari\/sfri11471\/mac Microsoft Edge: https:\/\/support.microsoft.com\/es-es\/microsoft-edge\/borrar-las-cookies-en-microsoft-edge-63947406-40ac-c3b8-57b9-2a946a29ae09 Si deshabilitas las cookies, es posible que algunas funcionalidades de nuestro sitio web no funcionen correctamente o que la experiencia del usuario se vea afectada. Cookies utilizadas en este sitio web A continuaci\u00f3n, ofrecemos un listado de las principales cookies utilizadas en nuestro sitio: Nombre de la cookie Proveedor Prop\u00f3sito Duraci\u00f3n CookieConsent Propia Almacena el consentimiento de cookies del usuario 1 a\u00f1o _ga Google Se utiliza para distinguir a los usuarios 2 a\u00f1os _gid Google Se utiliza para distinguir a los usuarios 24 horas _gat Google Se utiliza para limitar el porcentaje de solicitudes 1 minuto Actualizaciones y cambios en la Pol\u00edtica de Cookies Rosa M. Molina Ruiz se reserva el derecho de modificar esta Pol\u00edtica de Cookies en cualquier momento. Cualquier cambio ser\u00e1 publicado en este sitio web. Te recomendamos revisar esta pol\u00edtica peri\u00f3dicamente para estar informado sobre c\u00f3mo utilizamos las cookies. Contacto Si tienes alguna pregunta sobre nuestra Pol\u00edtica de Cookies, puedes ponerte en contacto con nosotros en rosamolina18@hotmail.com<\/p>","protected":false},"author":1,"featured_media":0,"parent":0,"menu_order":0,"comment_status":"closed","ping_status":"closed","template":"","meta":{"_acf_changed":false,"footnotes":""},"class_list":["post-4562","page","type-page","status-publish","hentry"],"acf":[],"yoast_head":"<!-- This site is optimized with the Yoast SEO plugin v27.5 - https:\/\/yoast.com\/product\/yoast-seo-wordpress\/ -->\n<title>Pol\u00edtica de cookies - Rosa Molina Psiquiatra<\/title>\n<meta name=\"robots\" content=\"index, follow, max-snippet:-1, max-image-preview:large, max-video-preview:-1\" \/>\n<link rel=\"canonical\" href=\"https:\/\/rosamolinapsiquiatra.com\/en\/politica-de-cookies\/\" \/>\n<meta property=\"og:locale\" content=\"en_GB\" \/>\n<meta property=\"og:type\" content=\"article\" \/>\n<meta property=\"og:title\" content=\"Pol\u00edtica de cookies - Rosa Molina Psiquiatra\" \/>\n<meta property=\"og:description\" content=\"pol\u00edtica de cookies En el sitio web de Rosa M. Molina Ruiz.\u00a0utilizamos cookies para mejorar la experiencia de los usuarios, facilitar la navegaci\u00f3n y optimizar el rendimiento de nuestro sitio web. A continuaci\u00f3n, te explicamos qu\u00e9 son las cookies, qu\u00e9 tipo de cookies utilizamos y c\u00f3mo puedes gestionarlas. \u00bfQu\u00e9 son las Cookies? Las cookies son peque\u00f1os archivos de texto que se almacenan en el dispositivo del usuario (ordenador, smartphone, tablet, etc.) cuando visita un sitio web. Estas cookies permiten que el sitio web recuerde informaci\u00f3n sobre tu visita, como el idioma preferido, los productos que has a\u00f1adido al carrito o tus preferencias de navegaci\u00f3n. Tipos de Cookies Utilizadas Cookies T\u00e9cnicas o Necesarias:Estas cookies son esenciales para el funcionamiento del sitio web y permiten al usuario navegar por el sitio y utilizar sus funciones b\u00e1sicas, como el acceso a \u00e1reas seguras o el procesamiento de un pedido. Cookies de Preferencias:Permiten recordar las preferencias del usuario, como el idioma o la configuraci\u00f3n regional, para mejorar la experiencia en futuras visitas. Cookies de An\u00e1lisis o Rendimiento:Estas cookies recopilan informaci\u00f3n sobre c\u00f3mo los usuarios interact\u00faan con el sitio web, como las p\u00e1ginas que m\u00e1s visitan, los enlaces en los que hacen clic o el tiempo que pasan en el sitio. Esta informaci\u00f3n nos ayuda a mejorar el rendimiento y la funcionalidad del sitio web. Cookies de Publicidad o Marketing:Utilizamos estas cookies para mostrar anuncios m\u00e1s relevantes para los usuarios en funci\u00f3n de sus intereses, tanto en nuestro sitio como en otros sitios web. Estas cookies tambi\u00e9n limitan el n\u00famero de veces que un usuario ve un anuncio y nos ayudan a medir la efectividad de nuestras campa\u00f1as publicitarias. Cookies de Terceros:En algunas secciones de nuestro sitio web pueden instalarse cookies de terceros, como Google Analytics, para el an\u00e1lisis de datos y redes sociales (como botones de compartir). Estas cookies son gestionadas por terceros y no por Rosa M. Molina Ruiz \u00bfC\u00f3mo gestionar las Cookies? Al acceder a nuestro sitio web por primera vez, ver\u00e1s un banner de cookies que te permitir\u00e1 aceptar o configurar el uso de las cookies de acuerdo con tus preferencias. En cualquier momento, puedes gestionar tus preferencias de cookies a trav\u00e9s de la configuraci\u00f3n de tu navegador: Google Chrome: https:\/\/support.google.com\/chrome\/answer\/95647?hl=es Mozilla Firefox: https:\/\/support.mozilla.org\/es\/kb\/habilitar-y-deshabilitar-cookies-sitios-web-rastrear-preferencias Safari: https:\/\/support.apple.com\/es-es\/guide\/safari\/sfri11471\/mac Microsoft Edge: https:\/\/support.microsoft.com\/es-es\/microsoft-edge\/borrar-las-cookies-en-microsoft-edge-63947406-40ac-c3b8-57b9-2a946a29ae09 Si deshabilitas las cookies, es posible que algunas funcionalidades de nuestro sitio web no funcionen correctamente o que la experiencia del usuario se vea afectada. Cookies utilizadas en este sitio web A continuaci\u00f3n, ofrecemos un listado de las principales cookies utilizadas en nuestro sitio: Nombre de la cookie Proveedor Prop\u00f3sito Duraci\u00f3n CookieConsent Propia Almacena el consentimiento de cookies del usuario 1 a\u00f1o _ga Google Se utiliza para distinguir a los usuarios 2 a\u00f1os _gid Google Se utiliza para distinguir a los usuarios 24 horas _gat Google Se utiliza para limitar el porcentaje de solicitudes 1 minuto Actualizaciones y cambios en la Pol\u00edtica de Cookies Rosa M. Molina Ruiz se reserva el derecho de modificar esta Pol\u00edtica de Cookies en cualquier momento. Cualquier cambio ser\u00e1 publicado en este sitio web. Te recomendamos revisar esta pol\u00edtica peri\u00f3dicamente para estar informado sobre c\u00f3mo utilizamos las cookies. Contacto Si tienes alguna pregunta sobre nuestra Pol\u00edtica de Cookies, puedes ponerte en contacto con nosotros en rosamolina18@hotmail.com\" \/>\n<meta property=\"og:url\" content=\"https:\/\/rosamolinapsiquiatra.com\/en\/politica-de-cookies\/\" \/>\n<meta property=\"og:site_name\" content=\"Rosa Molina Psiquiatra\" \/>\n<meta property=\"article:modified_time\" content=\"2025-05-06T09:40:43+00:00\" \/>\n<meta name=\"twitter:card\" content=\"summary_large_image\" \/>\n<meta name=\"twitter:label1\" content=\"Estimated reading time\" \/>\n\t<meta name=\"twitter:data1\" content=\"3 minutes\" \/>\n<script type=\"application\/ld+json\" class=\"yoast-schema-graph\">{\"@context\":\"https:\\\/\\\/schema.org\",\"@graph\":[{\"@type\":\"WebPage\",\"@id\":\"https:\\\/\\\/rosamolinapsiquiatra.com\\\/politica-de-cookies\",\"url\":\"https:\\\/\\\/rosamolinapsiquiatra.com\\\/politica-de-cookies\",\"name\":\"Pol\u00edtica de cookies - Rosa Molina Psiquiatra\",\"isPartOf\":{\"@id\":\"https:\\\/\\\/rosamolinapsiquiatra.com\\\/#website\"},\"datePublished\":\"2025-05-06T09:39:48+00:00\",\"dateModified\":\"2025-05-06T09:40:43+00:00\",\"breadcrumb\":{\"@id\":\"https:\\\/\\\/rosamolinapsiquiatra.com\\\/politica-de-cookies#breadcrumb\"},\"inLanguage\":\"en-GB\",\"potentialAction\":[{\"@type\":\"ReadAction\",\"target\":[\"https:\\\/\\\/rosamolinapsiquiatra.com\\\/politica-de-cookies\"]}]},{\"@type\":\"BreadcrumbList\",\"@id\":\"https:\\\/\\\/rosamolinapsiquiatra.com\\\/politica-de-cookies#breadcrumb\",\"itemListElement\":[{\"@type\":\"ListItem\",\"position\":1,\"name\":\"Portada\",\"item\":\"https:\\\/\\\/rosamolinapsiquiatra.com\\\/\"},{\"@type\":\"ListItem\",\"position\":2,\"name\":\"Pol\u00edtica de cookies\"}]},{\"@type\":\"WebSite\",\"@id\":\"https:\\\/\\\/rosamolinapsiquiatra.com\\\/#website\",\"url\":\"https:\\\/\\\/rosamolinapsiquiatra.com\\\/\",\"name\":\"Rosa Molina Psiquiatra\",\"description\":\"Rosa Molina- Psiquiatra \",\"publisher\":{\"@id\":\"https:\\\/\\\/rosamolinapsiquiatra.com\\\/#organization\"},\"potentialAction\":[{\"@type\":\"SearchAction\",\"target\":{\"@type\":\"EntryPoint\",\"urlTemplate\":\"https:\\\/\\\/rosamolinapsiquiatra.com\\\/?s={search_term_string}\"},\"query-input\":{\"@type\":\"PropertyValueSpecification\",\"valueRequired\":true,\"valueName\":\"search_term_string\"}}],\"inLanguage\":\"en-GB\"},{\"@type\":\"Organization\",\"@id\":\"https:\\\/\\\/rosamolinapsiquiatra.com\\\/#organization\",\"name\":\"Rosa Molina Psiquiatra\",\"url\":\"https:\\\/\\\/rosamolinapsiquiatra.com\\\/\",\"logo\":{\"@type\":\"ImageObject\",\"inLanguage\":\"en-GB\",\"@id\":\"https:\\\/\\\/rosamolinapsiquiatra.com\\\/#\\\/schema\\\/logo\\\/image\\\/\",\"url\":\"https:\\\/\\\/rosamolinapsiquiatra.com\\\/wp-content\\\/uploads\\\/2022\\\/06\\\/Rojo-Blanco-Bordeado-Marco-Pajarita-Lazo-Padrino-Invitacion-3.png\",\"contentUrl\":\"https:\\\/\\\/rosamolinapsiquiatra.com\\\/wp-content\\\/uploads\\\/2022\\\/06\\\/Rojo-Blanco-Bordeado-Marco-Pajarita-Lazo-Padrino-Invitacion-3.png\",\"width\":1900,\"height\":1200,\"caption\":\"Rosa Molina Psiquiatra\"},\"image\":{\"@id\":\"https:\\\/\\\/rosamolinapsiquiatra.com\\\/#\\\/schema\\\/logo\\\/image\\\/\"}}]}<\/script>\n<!-- \/ Yoast SEO plugin. -->","yoast_head_json":{"title":"Pol\u00edtica de cookies - Rosa Molina Psiquiatra","robots":{"index":"index","follow":"follow","max-snippet":"max-snippet:-1","max-image-preview":"max-image-preview:large","max-video-preview":"max-video-preview:-1"},"canonical":"https:\/\/rosamolinapsiquiatra.com\/en\/politica-de-cookies\/","og_locale":"en_GB","og_type":"article","og_title":"Pol\u00edtica de cookies - Rosa Molina Psiquiatra","og_description":"pol\u00edtica de cookies En el sitio web de Rosa M. Molina Ruiz.\u00a0utilizamos cookies para mejorar la experiencia de los usuarios, facilitar la navegaci\u00f3n y optimizar el rendimiento de nuestro sitio web. A continuaci\u00f3n, te explicamos qu\u00e9 son las cookies, qu\u00e9 tipo de cookies utilizamos y c\u00f3mo puedes gestionarlas. \u00bfQu\u00e9 son las Cookies? Las cookies son peque\u00f1os archivos de texto que se almacenan en el dispositivo del usuario (ordenador, smartphone, tablet, etc.) cuando visita un sitio web. Estas cookies permiten que el sitio web recuerde informaci\u00f3n sobre tu visita, como el idioma preferido, los productos que has a\u00f1adido al carrito o tus preferencias de navegaci\u00f3n. Tipos de Cookies Utilizadas Cookies T\u00e9cnicas o Necesarias:Estas cookies son esenciales para el funcionamiento del sitio web y permiten al usuario navegar por el sitio y utilizar sus funciones b\u00e1sicas, como el acceso a \u00e1reas seguras o el procesamiento de un pedido. Cookies de Preferencias:Permiten recordar las preferencias del usuario, como el idioma o la configuraci\u00f3n regional, para mejorar la experiencia en futuras visitas. Cookies de An\u00e1lisis o Rendimiento:Estas cookies recopilan informaci\u00f3n sobre c\u00f3mo los usuarios interact\u00faan con el sitio web, como las p\u00e1ginas que m\u00e1s visitan, los enlaces en los que hacen clic o el tiempo que pasan en el sitio. Esta informaci\u00f3n nos ayuda a mejorar el rendimiento y la funcionalidad del sitio web. Cookies de Publicidad o Marketing:Utilizamos estas cookies para mostrar anuncios m\u00e1s relevantes para los usuarios en funci\u00f3n de sus intereses, tanto en nuestro sitio como en otros sitios web. Estas cookies tambi\u00e9n limitan el n\u00famero de veces que un usuario ve un anuncio y nos ayudan a medir la efectividad de nuestras campa\u00f1as publicitarias. Cookies de Terceros:En algunas secciones de nuestro sitio web pueden instalarse cookies de terceros, como Google Analytics, para el an\u00e1lisis de datos y redes sociales (como botones de compartir). Estas cookies son gestionadas por terceros y no por Rosa M. Molina Ruiz \u00bfC\u00f3mo gestionar las Cookies? Al acceder a nuestro sitio web por primera vez, ver\u00e1s un banner de cookies que te permitir\u00e1 aceptar o configurar el uso de las cookies de acuerdo con tus preferencias. En cualquier momento, puedes gestionar tus preferencias de cookies a trav\u00e9s de la configuraci\u00f3n de tu navegador: Google Chrome: https:\/\/support.google.com\/chrome\/answer\/95647?hl=es Mozilla Firefox: https:\/\/support.mozilla.org\/es\/kb\/habilitar-y-deshabilitar-cookies-sitios-web-rastrear-preferencias Safari: https:\/\/support.apple.com\/es-es\/guide\/safari\/sfri11471\/mac Microsoft Edge: https:\/\/support.microsoft.com\/es-es\/microsoft-edge\/borrar-las-cookies-en-microsoft-edge-63947406-40ac-c3b8-57b9-2a946a29ae09 Si deshabilitas las cookies, es posible que algunas funcionalidades de nuestro sitio web no funcionen correctamente o que la experiencia del usuario se vea afectada. Cookies utilizadas en este sitio web A continuaci\u00f3n, ofrecemos un listado de las principales cookies utilizadas en nuestro sitio: Nombre de la cookie Proveedor Prop\u00f3sito Duraci\u00f3n CookieConsent Propia Almacena el consentimiento de cookies del usuario 1 a\u00f1o _ga Google Se utiliza para distinguir a los usuarios 2 a\u00f1os _gid Google Se utiliza para distinguir a los usuarios 24 horas _gat Google Se utiliza para limitar el porcentaje de solicitudes 1 minuto Actualizaciones y cambios en la Pol\u00edtica de Cookies Rosa M. Molina Ruiz se reserva el derecho de modificar esta Pol\u00edtica de Cookies en cualquier momento. Cualquier cambio ser\u00e1 publicado en este sitio web. Te recomendamos revisar esta pol\u00edtica peri\u00f3dicamente para estar informado sobre c\u00f3mo utilizamos las cookies. Contacto Si tienes alguna pregunta sobre nuestra Pol\u00edtica de Cookies, puedes ponerte en contacto con nosotros en rosamolina18@hotmail.com","og_url":"https:\/\/rosamolinapsiquiatra.com\/en\/politica-de-cookies\/","og_site_name":"Rosa Molina Psiquiatra","article_modified_time":"2025-05-06T09:40:43+00:00","twitter_card":"summary_large_image","twitter_misc":{"Estimated reading time":"3 minutes"},"schema":{"@context":"https:\/\/schema.org","@graph":[{"@type":"WebPage","@id":"https:\/\/rosamolinapsiquiatra.com\/politica-de-cookies","url":"https:\/\/rosamolinapsiquiatra.com\/politica-de-cookies","name":"Pol\u00edtica de cookies - Rosa Molina Psiquiatra","isPartOf":{"@id":"https:\/\/rosamolinapsiquiatra.com\/#website"},"datePublished":"2025-05-06T09:39:48+00:00","dateModified":"2025-05-06T09:40:43+00:00","breadcrumb":{"@id":"https:\/\/rosamolinapsiquiatra.com\/politica-de-cookies#breadcrumb"},"inLanguage":"en-GB","potentialAction":[{"@type":"ReadAction","target":["https:\/\/rosamolinapsiquiatra.com\/politica-de-cookies"]}]},{"@type":"BreadcrumbList","@id":"https:\/\/rosamolinapsiquiatra.com\/politica-de-cookies#breadcrumb","itemListElement":[{"@type":"ListItem","position":1,"name":"Portada","item":"https:\/\/rosamolinapsiquiatra.com\/"},{"@type":"ListItem","position":2,"name":"Pol\u00edtica de cookies"}]},{"@type":"WebSite","@id":"https:\/\/rosamolinapsiquiatra.com\/#website","url":"https:\/\/rosamolinapsiquiatra.com\/","name":"Rosa Molina Psiquiatra","description":"Rosa Molina - Psychiatrist","publisher":{"@id":"https:\/\/rosamolinapsiquiatra.com\/#organization"},"potentialAction":[{"@type":"SearchAction","target":{"@type":"EntryPoint","urlTemplate":"https:\/\/rosamolinapsiquiatra.com\/?s={search_term_string}"},"query-input":{"@type":"PropertyValueSpecification","valueRequired":true,"valueName":"search_term_string"}}],"inLanguage":"en-GB"},{"@type":"Organization","@id":"https:\/\/rosamolinapsiquiatra.com\/#organization","name":"Rosa Molina Psiquiatra","url":"https:\/\/rosamolinapsiquiatra.com\/","logo":{"@type":"ImageObject","inLanguage":"en-GB","@id":"https:\/\/rosamolinapsiquiatra.com\/#\/schema\/logo\/image\/","url":"https:\/\/rosamolinapsiquiatra.com\/wp-content\/uploads\/2022\/06\/Rojo-Blanco-Bordeado-Marco-Pajarita-Lazo-Padrino-Invitacion-3.png","contentUrl":"https:\/\/rosamolinapsiquiatra.com\/wp-content\/uploads\/2022\/06\/Rojo-Blanco-Bordeado-Marco-Pajarita-Lazo-Padrino-Invitacion-3.png","width":1900,"height":1200,"caption":"Rosa Molina Psiquiatra"},"image":{"@id":"https:\/\/rosamolinapsiquiatra.com\/#\/schema\/logo\/image\/"}}]}},"jetpack_sharing_enabled":true,"_links":{"self":[{"href":"https:\/\/rosamolinapsiquiatra.com\/en\/wp-json\/wp\/v2\/pages\/4562","targetHints":{"allow":["GET"]}}],"collection":[{"href":"https:\/\/rosamolinapsiquiatra.com\/en\/wp-json\/wp\/v2\/pages"}],"about":[{"href":"https:\/\/rosamolinapsiquiatra.com\/en\/wp-json\/wp\/v2\/types\/page"}],"author":[{"embeddable":true,"href":"https:\/\/rosamolinapsiquiatra.com\/en\/wp-json\/wp\/v2\/users\/1"}],"replies":[{"embeddable":true,"href":"https:\/\/rosamolinapsiquiatra.com\/en\/wp-json\/wp\/v2\/comments?post=4562"}],"version-history":[{"count":4,"href":"https:\/\/rosamolinapsiquiatra.com\/en\/wp-json\/wp\/v2\/pages\/4562\/revisions"}],"predecessor-version":[{"id":4566,"href":"https:\/\/rosamolinapsiquiatra.com\/en\/wp-json\/wp\/v2\/pages\/4562\/revisions\/4566"}],"wp:attachment":[{"href":"https:\/\/rosamolinapsiquiatra.com\/en\/wp-json\/wp\/v2\/media?parent=4562"}],"curies":[{"name":"wp","href":"https:\/\/api.w.org\/{rel}","templated":true}]}}